{"id":372,"date":"2025-11-19T07:50:49","date_gmt":"2025-11-19T07:50:49","guid":{"rendered":"https:\/\/dshana.cz\/privacy-policy\/"},"modified":"2025-11-24T07:45:35","modified_gmt":"2025-11-24T07:45:35","slug":"privacy-policy","status":"publish","type":"page","link":"https:\/\/dshana.cz\/en\/privacy-policy\/","title":{"rendered":"Privacy Policy"},"content":{"rendered":"<p>[et_pb_section fb_built=&#8221;1&#8243; _builder_version=&#8221;4.27.4&#8243; _module_preset=&#8221;default&#8221; use_background_color_gradient=&#8221;on&#8221; background_color_gradient_stops=&#8221;rgba(255,255,255,0.8) 3%|rgba(255,255,255,0.83) 100%&#8221; background_color_gradient_overlays_image=&#8221;on&#8221; background_image=&#8221;https:\/\/dshana.cz\/wp-content\/uploads\/2025\/11\/kindergarten-3-kindergartden4-slider-bg-1.png&#8221; background_size=&#8221;initial&#8221; custom_padding=&#8221;104px||80px||false|false&#8221; locked=&#8221;off&#8221; global_colors_info=&#8221;{}&#8221; theme_builder_area=&#8221;post_content&#8221;][et_pb_row use_custom_gutter=&#8221;on&#8221; gutter_width=&#8221;1&#8243; _builder_version=&#8221;4.27.4&#8243; _module_preset=&#8221;default&#8221; width=&#8221;90%&#8221; max_width=&#8221;1040px&#8221; custom_margin=&#8221;0px|auto|29px|auto|false|false&#8221; custom_padding=&#8221;0px||0px||false|false&#8221; locked=&#8221;off&#8221; global_colors_info=&#8221;{}&#8221; theme_builder_area=&#8221;post_content&#8221;][et_pb_column type=&#8221;4_4&#8243; _builder_version=&#8221;4.16&#8243; _module_preset=&#8221;default&#8221; global_colors_info=&#8221;{}&#8221; theme_builder_area=&#8221;post_content&#8221;][et_pb_text _builder_version=&#8221;4.27.4&#8243; _module_preset=&#8221;default&#8221; header_font=&#8221;|700|||||||&#8221; header_text_align=&#8221;center&#8221; header_text_color=&#8221;#000000&#8243; header_font_size=&#8221;55px&#8221; header_line_height=&#8221;1.2em&#8221; header_2_font=&#8221;|700|||||||&#8221; header_2_text_align=&#8221;center&#8221; header_2_text_color=&#8221;#000000&#8243; header_2_font_size=&#8221;55px&#8221; header_2_line_height=&#8221;1.2em&#8221; custom_margin=&#8221;0px||0px||false|false&#8221; custom_padding=&#8221;0px||0px||false|false&#8221; hover_enabled=&#8221;0&#8243; header_font_size_tablet=&#8221;55px&#8221; header_font_size_phone=&#8221;35px&#8221; header_font_size_last_edited=&#8221;on|phone&#8221; header_2_font_size_tablet=&#8221;55px&#8221; header_2_font_size_phone=&#8221;35px&#8221; header_2_font_size_last_edited=&#8221;on|phone&#8221; global_colors_info=&#8221;{}&#8221; theme_builder_area=&#8221;post_content&#8221; sticky_enabled=&#8221;0&#8243;]<\/p>\n<h1>Privacy Policy<\/h1>\n<p>[\/et_pb_text][\/et_pb_column][\/et_pb_row][et_pb_row use_custom_gutter=&#8221;on&#8221; gutter_width=&#8221;1&#8243; _builder_version=&#8221;4.27.4&#8243; _module_preset=&#8221;default&#8221; width=&#8221;90%&#8221; width_tablet=&#8221;80%&#8221; width_phone=&#8221;90%&#8221; width_last_edited=&#8221;on|tablet&#8221; max_width=&#8221;1040px&#8221; custom_margin=&#8221;74px||0px||false|false&#8221; custom_padding=&#8221;0px||0px||false|false&#8221; hover_enabled=&#8221;0&#8243; locked=&#8221;off&#8221; global_colors_info=&#8221;{}&#8221; theme_builder_area=&#8221;post_content&#8221; sticky_enabled=&#8221;0&#8243;][et_pb_column type=&#8221;4_4&#8243; _builder_version=&#8221;4.27.4&#8243; _module_preset=&#8221;default&#8221; global_colors_info=&#8221;{}&#8221; theme_builder_area=&#8221;post_content&#8221;][et_pb_text _builder_version=&#8221;4.27.4&#8243; _module_preset=&#8221;default&#8221; text_font=&#8221;Inter||||||||&#8221; text_text_color=&#8221;#333333&#8243; text_line_height=&#8221;1.9em&#8221; link_font=&#8221;|600|||||||&#8221; link_text_color=&#8221;#CE4679&#8243; custom_margin=&#8221;7px||40px||false|false&#8221; custom_margin_tablet=&#8221;7px||40px||false|false&#8221; custom_margin_phone=&#8221;7px||0px||false|false&#8221; custom_margin_last_edited=&#8221;on|phone&#8221; custom_padding=&#8221;0px||0px||false|false&#8221; hover_enabled=&#8221;0&#8243; text_orientation_tablet=&#8221;&#8221; text_orientation_phone=&#8221;left&#8221; text_orientation_last_edited=&#8221;on|phone&#8221; locked=&#8221;off&#8221; global_colors_info=&#8221;{}&#8221; link_text_color__hover_enabled=&#8221;on|hover&#8221; link_text_color__hover=&#8221;#ce0e54&#8243; theme_builder_area=&#8221;post_content&#8221; sticky_enabled=&#8221;0&#8243; ul_position=&#8221;inside&#8221;]<\/p>\n<p class=\"p1\">The parent is informed, acknowledges, and agrees that the Provider is the controller of personal data within the meaning of personal data protection laws (hereinafter referred to as the &#8220;<b>Controller<\/b>&#8220;). The legal guardian acknowledges that the personal data of the minor child, parent, or authorized person will be processed in accordance with personal data protection laws for the purpose of fulfilling obligations arising from the Contract, fulfilling obligations arising from provided state or European grants or legal regulations, for the necessary period either by the Controller or by these processors:<\/p>\n<p class=\"p1\">\u2022 Worklife Agency s.r.o., ID 030&nbsp;59&nbsp;472, with registered office at Moul\u00edkova 2357\/2, Prague.<\/p>\n<p class=\"p1\">\u2022 DS Hana, z.s. Mezibransk\u00e1 9, Prague 1, 110&nbsp;00<\/p>\n<p class=\"p1\">\u2022 Law Office CHYTR\u00dd, VALTROV\u00c1 &amp; partners, s.r.o., ID: 272&nbsp;12&nbsp;131, Mal\u00e1tova 633\/12, Prague 5,<\/p>\n<p class=\"p1\">\u2022 Bionea \u2013 school catering facility s.r.o., ID: 284&nbsp;00&nbsp;968, Za&nbsp;Poho\u0159elcem 697\/8, St\u0159e\u0161ovice, 169&nbsp;00 Prague 6.<\/p>\n<p class=\"p1\">\u2022 Ministry of Education, Youth and Sports of the Czech Republic, Ministry of Labor and Social Affairs of the Czech Republic, State Labor Inspection Office.<\/p>\n<p class=\"p1\">\u2022 Mgr. Barbora Stupkov\u00e1 &#8211; accountant, Jeremenkova 26, Prague 4, 147&nbsp;00 ID: 01449770<\/p>\n<p class=\"p1\">The Provider may have a&nbsp;camera system for increased child safety and protection of the Nursery&#8217;s&nbsp;property. The recording is stored and archived for 7 days; after that, it is deleted. The legal guardian acknowledges that there is a&nbsp;chip-based attendance system in the nursery and agrees that the Provider may process the child&#8217;s&nbsp;personal data to the extent necessary for recording the child&#8217;s&nbsp;attendance at the Nursery. The legal guardian further acknowledges that they have been informed of their right to:<\/p>\n<p class=\"p1\">\u2022 withdraw this consent at any time by sending a&nbsp;letter or email to the Founder;<\/p>\n<p class=\"p1\">\u2022 request the deletion of processed personal data;<\/p>\n<p class=\"p1\">\u2022 file a&nbsp;complaint with the Office for Personal Data Protection;<\/p>\n<p>[\/et_pb_text][et_pb_button button_url=&#8221;@ET-DC@eyJkeW5hbWljIjp0cnVlLCJjb250ZW50IjoicG9zdF9saW5rX3VybF9wYWdlIiwic2V0dGluZ3MiOnsicG9zdF9pZCI6IjEyIn19@&#8221; url_new_window=&#8221;on&#8221; button_text=&#8221;Home&#8221; button_alignment=&#8221;center&#8221; button_alignment_tablet=&#8221;center&#8221; button_alignment_phone=&#8221;center&#8221; button_alignment_last_edited=&#8221;off|desktop&#8221; _builder_version=&#8221;4.27.4&#8243; _module_preset=&#8221;default&#8221; custom_button=&#8221;on&#8221; button_text_size=&#8221;14px&#8221; button_text_color=&#8221;#FFFFFF&#8221; button_bg_color=&#8221;#ce4678&#8243; button_border_width=&#8221;2px&#8221; button_border_color=&#8221;#FFFFFF&#8221; button_border_radius=&#8221;30px&#8221; button_letter_spacing=&#8221;2px&#8221; button_font=&#8221;&#8211;et_global_heading_font|900||on|||||&#8221; button_use_icon=&#8221;off&#8221; custom_margin=&#8221;24px||0px||false|false&#8221; custom_margin_tablet=&#8221;24px||0px||false|false&#8221; custom_margin_phone=&#8221;35px||0px||false|false&#8221; custom_margin_last_edited=&#8221;on|phone&#8221; custom_padding=&#8221;15px|35px|15px|35px|true|false&#8221; hover_enabled=&#8221;0&#8243; button_text_size_tablet=&#8221;14px&#8221; button_text_size_phone=&#8221;11px&#8221; button_text_size_last_edited=&#8221;on|phone&#8221; locked=&#8221;off&#8221; global_colors_info=&#8221;{}&#8221; button_text_color__hover_enabled=&#8221;off|desktop&#8221; button_text_color__hover=&#8221;#FFFFFF&#8221; button_bg_color__hover_enabled=&#8221;on|hover&#8221; button_bg_color__hover=&#8221;#A7C92C&#8221; button_bg_enable_color__hover=&#8221;on&#8221; button_border_color__hover_enabled=&#8221;on|hover&#8221; button_border_color__hover=&#8221;#FFFFFF&#8221; button_letter_spacing__hover_enabled=&#8221;off|hover&#8221; button_letter_spacing__hover=&#8221;0px&#8221; theme_builder_area=&#8221;post_content&#8221; sticky_enabled=&#8221;0&#8243; _dynamic_attributes=&#8221;button_url&#8221;][\/et_pb_button][\/et_pb_column][\/et_pb_row][\/et_pb_section]<\/p>\n","protected":false},"excerpt":{"rendered":"<p>Privacy PolicyThe parent is informed, acknowledges, and agrees that the Provider is the controller of personal data within the meaning of personal data protection laws (hereinafter referred to as the &#8220;Controller&#8221;). The legal guardian acknowledges that the personal data of the minor child, parent, or authorized person will be processed in accordance with personal data [&hellip;]<\/p>\n","protected":false},"author":2,"featured_media":0,"parent":0,"menu_order":0,"comment_status":"closed","ping_status":"closed","template":"","meta":{"_et_pb_use_builder":"on","_et_pb_old_content":"","_et_gb_content_width":"","footnotes":""},"difl_page_category":[],"class_list":["post-372","page","type-page","status-publish","hentry"],"yoast_head":"<!-- This site is optimized with the Yoast SEO plugin v26.5 - https:\/\/yoast.com\/wordpress\/plugins\/seo\/ -->\n<title>Privacy Policy | dshana.cz<\/title>\n<meta name=\"robots\" content=\"index, follow, max-snippet:-1, max-image-preview:large, max-video-preview:-1\" \/>\n<link rel=\"canonical\" href=\"https:\/\/dshana.cz\/en\/privacy-policy\/\" \/>\n<meta property=\"og:locale\" content=\"en_US\" \/>\n<meta property=\"og:type\" content=\"article\" \/>\n<meta property=\"og:title\" content=\"Privacy Policy | dshana.cz\" \/>\n<meta property=\"og:description\" content=\"Privacy PolicyThe parent is informed, acknowledges, and agrees that the Provider is the controller of personal data within the meaning of personal data protection laws (hereinafter referred to as the &quot;Controller&quot;). The legal guardian acknowledges that the personal data of the minor child, parent, or authorized person will be processed in accordance with personal data [&hellip;]\" \/>\n<meta property=\"og:url\" content=\"https:\/\/dshana.cz\/en\/privacy-policy\/\" \/>\n<meta property=\"og:site_name\" content=\"dshana.cz\" \/>\n<meta property=\"article:modified_time\" content=\"2025-11-24T07:45:35+00:00\" \/>\n<meta name=\"twitter:card\" content=\"summary_large_image\" \/>\n<meta name=\"twitter:label1\" content=\"Est. reading time\" \/>\n\t<meta name=\"twitter:data1\" content=\"5 minutes\" \/>\n<script type=\"application\/ld+json\" class=\"yoast-schema-graph\">{\"@context\":\"https:\/\/schema.org\",\"@graph\":[{\"@type\":\"WebPage\",\"@id\":\"https:\/\/dshana.cz\/en\/privacy-policy\/\",\"url\":\"https:\/\/dshana.cz\/en\/privacy-policy\/\",\"name\":\"Privacy Policy | dshana.cz\",\"isPartOf\":{\"@id\":\"https:\/\/dshana.cz\/en\/#website\"},\"datePublished\":\"2025-11-19T07:50:49+00:00\",\"dateModified\":\"2025-11-24T07:45:35+00:00\",\"breadcrumb\":{\"@id\":\"https:\/\/dshana.cz\/en\/privacy-policy\/#breadcrumb\"},\"inLanguage\":\"en-US\",\"potentialAction\":[{\"@type\":\"ReadAction\",\"target\":[\"https:\/\/dshana.cz\/en\/privacy-policy\/\"]}]},{\"@type\":\"BreadcrumbList\",\"@id\":\"https:\/\/dshana.cz\/en\/privacy-policy\/#breadcrumb\",\"itemListElement\":[{\"@type\":\"ListItem\",\"position\":1,\"name\":\"Dom\u016f\",\"item\":\"https:\/\/dshana.cz\/en\/\"},{\"@type\":\"ListItem\",\"position\":2,\"name\":\"Privacy Policy\"}]},{\"@type\":\"WebSite\",\"@id\":\"https:\/\/dshana.cz\/en\/#website\",\"url\":\"https:\/\/dshana.cz\/en\/\",\"name\":\"dshana.cz\",\"description\":\"\",\"publisher\":{\"@id\":\"https:\/\/dshana.cz\/en\/#organization\"},\"potentialAction\":[{\"@type\":\"SearchAction\",\"target\":{\"@type\":\"EntryPoint\",\"urlTemplate\":\"https:\/\/dshana.cz\/en\/?s={search_term_string}\"},\"query-input\":{\"@type\":\"PropertyValueSpecification\",\"valueRequired\":true,\"valueName\":\"search_term_string\"}}],\"inLanguage\":\"en-US\"},{\"@type\":\"Organization\",\"@id\":\"https:\/\/dshana.cz\/en\/#organization\",\"name\":\"dshana.cz\",\"url\":\"https:\/\/dshana.cz\/en\/\",\"logo\":{\"@type\":\"ImageObject\",\"inLanguage\":\"en-US\",\"@id\":\"https:\/\/dshana.cz\/en\/#\/schema\/logo\/image\/\",\"url\":\"https:\/\/dshana.cz\/wp-content\/uploads\/2025\/11\/DS-HAna.svg\",\"contentUrl\":\"https:\/\/dshana.cz\/wp-content\/uploads\/2025\/11\/DS-HAna.svg\",\"width\":1,\"height\":1,\"caption\":\"dshana.cz\"},\"image\":{\"@id\":\"https:\/\/dshana.cz\/en\/#\/schema\/logo\/image\/\"}}]}<\/script>\n<!-- \/ Yoast SEO plugin. -->","yoast_head_json":{"title":"Privacy Policy | dshana.cz","robots":{"index":"index","follow":"follow","max-snippet":"max-snippet:-1","max-image-preview":"max-image-preview:large","max-video-preview":"max-video-preview:-1"},"canonical":"https:\/\/dshana.cz\/en\/privacy-policy\/","og_locale":"en_US","og_type":"article","og_title":"Privacy Policy | dshana.cz","og_description":"Privacy PolicyThe parent is informed, acknowledges, and agrees that the Provider is the controller of personal data within the meaning of personal data protection laws (hereinafter referred to as the \"Controller\"). The legal guardian acknowledges that the personal data of the minor child, parent, or authorized person will be processed in accordance with personal data [&hellip;]","og_url":"https:\/\/dshana.cz\/en\/privacy-policy\/","og_site_name":"dshana.cz","article_modified_time":"2025-11-24T07:45:35+00:00","twitter_card":"summary_large_image","twitter_misc":{"Est. reading time":"5 minutes"},"schema":{"@context":"https:\/\/schema.org","@graph":[{"@type":"WebPage","@id":"https:\/\/dshana.cz\/en\/privacy-policy\/","url":"https:\/\/dshana.cz\/en\/privacy-policy\/","name":"Privacy Policy | dshana.cz","isPartOf":{"@id":"https:\/\/dshana.cz\/en\/#website"},"datePublished":"2025-11-19T07:50:49+00:00","dateModified":"2025-11-24T07:45:35+00:00","breadcrumb":{"@id":"https:\/\/dshana.cz\/en\/privacy-policy\/#breadcrumb"},"inLanguage":"en-US","potentialAction":[{"@type":"ReadAction","target":["https:\/\/dshana.cz\/en\/privacy-policy\/"]}]},{"@type":"BreadcrumbList","@id":"https:\/\/dshana.cz\/en\/privacy-policy\/#breadcrumb","itemListElement":[{"@type":"ListItem","position":1,"name":"Dom\u016f","item":"https:\/\/dshana.cz\/en\/"},{"@type":"ListItem","position":2,"name":"Privacy Policy"}]},{"@type":"WebSite","@id":"https:\/\/dshana.cz\/en\/#website","url":"https:\/\/dshana.cz\/en\/","name":"dshana.cz","description":"","publisher":{"@id":"https:\/\/dshana.cz\/en\/#organization"},"potentialAction":[{"@type":"SearchAction","target":{"@type":"EntryPoint","urlTemplate":"https:\/\/dshana.cz\/en\/?s={search_term_string}"},"query-input":{"@type":"PropertyValueSpecification","valueRequired":true,"valueName":"search_term_string"}}],"inLanguage":"en-US"},{"@type":"Organization","@id":"https:\/\/dshana.cz\/en\/#organization","name":"dshana.cz","url":"https:\/\/dshana.cz\/en\/","logo":{"@type":"ImageObject","inLanguage":"en-US","@id":"https:\/\/dshana.cz\/en\/#\/schema\/logo\/image\/","url":"https:\/\/dshana.cz\/wp-content\/uploads\/2025\/11\/DS-HAna.svg","contentUrl":"https:\/\/dshana.cz\/wp-content\/uploads\/2025\/11\/DS-HAna.svg","width":1,"height":1,"caption":"dshana.cz"},"image":{"@id":"https:\/\/dshana.cz\/en\/#\/schema\/logo\/image\/"}}]}},"_links":{"self":[{"href":"https:\/\/dshana.cz\/en\/wp-json\/wp\/v2\/pages\/372","targetHints":{"allow":["GET"]}}],"collection":[{"href":"https:\/\/dshana.cz\/en\/wp-json\/wp\/v2\/pages"}],"about":[{"href":"https:\/\/dshana.cz\/en\/wp-json\/wp\/v2\/types\/page"}],"author":[{"embeddable":true,"href":"https:\/\/dshana.cz\/en\/wp-json\/wp\/v2\/users\/2"}],"replies":[{"embeddable":true,"href":"https:\/\/dshana.cz\/en\/wp-json\/wp\/v2\/comments?post=372"}],"version-history":[{"count":2,"href":"https:\/\/dshana.cz\/en\/wp-json\/wp\/v2\/pages\/372\/revisions"}],"predecessor-version":[{"id":375,"href":"https:\/\/dshana.cz\/en\/wp-json\/wp\/v2\/pages\/372\/revisions\/375"}],"wp:attachment":[{"href":"https:\/\/dshana.cz\/en\/wp-json\/wp\/v2\/media?parent=372"}],"wp:term":[{"taxonomy":"difl_page_category","embeddable":true,"href":"https:\/\/dshana.cz\/en\/wp-json\/wp\/v2\/difl_page_category?post=372"}],"curies":[{"name":"wp","href":"https:\/\/api.w.org\/{rel}","templated":true}]}}